{"id":40,"date":"2022-12-05T17:13:59","date_gmt":"2022-12-05T16:13:59","guid":{"rendered":"http:\/\/tribann.site\/tribann\/?page_id=40"},"modified":"2024-11-27T20:08:05","modified_gmt":"2024-11-27T19:08:05","slug":"accueil","status":"publish","type":"page","link":"https:\/\/tribann.site\/","title":{"rendered":"Accueil"},"content":{"rendered":"<div class=\"wp-block-image\">\n<figure class=\"aligncenter size-full is-resized\"><img decoding=\"async\" width=\"600\" height=\"582\" src=\"https:\/\/tribann.site\/wp-content\/uploads\/2023\/12\/oursin.png\" alt=\"\" class=\"wp-image-882\" style=\"width:146px;height:auto\" srcset=\"https:\/\/tribann.site\/wp-content\/uploads\/2023\/12\/oursin.png 600w, https:\/\/tribann.site\/wp-content\/uploads\/2023\/12\/oursin-300x291.png 300w\" sizes=\"(max-width: 600px) 100vw, 600px\" \/><\/figure><\/div>\n\n\n<p class=\"has-text-align-center has-text-color\" id=\"u5602-6\" style=\"color:#00c97f\"><strong>Nous sommes uniquement une structure de transmission et d\u2019\u00e9change de savoirs, d\u2019exp\u00e9riences<\/strong> <strong>pour tout ce qui peut apporter Connaissance, Paix et Harmonie pour soi et autour de nous, rien d\u2019autres.<\/strong><\/p>\n\n\n\n<p id=\"u5602-9\">&nbsp;<\/p>\n\n\n\n<p class=\"has-text-align-center\" id=\"u5602-11\">Le coll\u00e8ge Druidique r\u00e9nov\u00e9 se veut \u00eatre le plus proche possible de l\u2019antique ordre des Druides que les historiens de l\u2019antiquit\u00e9 ont connu et dont ils ont parl\u00e9 dans leurs ouvrages. Bien entendu avec toute la modernit\u00e9 qui convient \u00e0 notre si\u00e8cle et avec respect pour notre filiation.<\/p>\n\n\n\n<p id=\"u5602-12\">&nbsp;<\/p>\n\n\n\n<p class=\"has-text-align-center\" id=\"u5602-14\"><em>Etre Druide aujourd\u2019hui en tant que philosophe de la nature, c\u2019est savoir \u00e9voluer avec son temps, faire corps avec la vie, en harmonie avec le vivant, \u00eatre \u00e0 l\u2019\u00e9coute et ne point limiter l\u2019\u00eatre.<\/em><\/p>\n\n\n\n<p class=\"has-text-align-center\" id=\"u5602-17\"><em>La tradition Druidique de ce fait, ne peut \u00eatre qu\u2019un moyen pour parvenir \u00e0 l\u2019illumination int\u00e9rieure, \u00e0 l\u2019\u00e9tat d&rsquo;\u00e9tre Humain, que ce soit sur le plan de l&rsquo;oeuvre, de la spiritualit\u00e9, de la religion et de la philosophie.<\/em><\/p>\n\n\n\n<p id=\"u5602-18\">&nbsp;<\/p>\n\n\n\n<p class=\"has-text-align-center\" id=\"u5602-20\">Le coll\u00e8ge Druidique r\u00e9nov\u00e9 est ind\u00e9pendant, mais reste et restera en lien fraternel avec tous les groupes fid\u00e8les aux r\u00e8gles de notre tradition.<\/p>\n\n\n\n<p id=\"u5602-21\">&nbsp;<\/p>\n\n\n\n<p id=\"u5602-22\">&nbsp;<\/p>\n\n\n\n<p class=\"has-text-align-right\" id=\"u5602-24\">\/I\\ Habann<\/p>\n\n\n<div class=\"wp-block-image\">\n<figure class=\"aligncenter size-full is-resized\"><a href=\"https:\/\/chartedruides.eu\"><img decoding=\"async\" width=\"250\" height=\"192\" src=\"https:\/\/tribann.site\/wp-content\/uploads\/2024\/11\/cropped-carnix-1.png\" alt=\"\" class=\"wp-image-1162\" style=\"width:195px;height:auto\"\/><\/a><figcaption class=\"wp-element-caption\">Signataire de la Charte Des Druides  <a href=\"https:\/\/chartedruides.eu\">https:\/\/chartedruides.eu<\/a><\/figcaption><\/figure><\/div>\n\n<div class=\"wp-block-image\">\n<figure class=\"aligncenter size-large\"><img decoding=\"async\" width=\"1024\" height=\"682\" src=\"http:\/\/tribann.site\/wp-content\/uploads\/2022\/12\/photo-26032-2008_DxO-2-2048x1363-1-1024x682.jpg\" alt=\"\" class=\"wp-image-18\" srcset=\"https:\/\/tribann.site\/wp-content\/uploads\/2022\/12\/photo-26032-2008_DxO-2-2048x1363-1-1024x682.jpg 1024w, https:\/\/tribann.site\/wp-content\/uploads\/2022\/12\/photo-26032-2008_DxO-2-2048x1363-1-300x200.jpg 300w, https:\/\/tribann.site\/wp-content\/uploads\/2022\/12\/photo-26032-2008_DxO-2-2048x1363-1-768x511.jpg 768w, https:\/\/tribann.site\/wp-content\/uploads\/2022\/12\/photo-26032-2008_DxO-2-2048x1363-1-1536x1022.jpg 1536w, https:\/\/tribann.site\/wp-content\/uploads\/2022\/12\/photo-26032-2008_DxO-2-2048x1363-1.jpg 2048w\" sizes=\"(max-width: 1024px) 100vw, 1024px\" \/><\/figure><\/div>\n\n\n<p><\/p>\n","protected":false},"excerpt":{"rendered":"<p>Nous sommes uniquement une structure de transmission et d\u2019\u00e9change de savoirs, d\u2019exp\u00e9riences pour tout ce qui peut apporter Connaissance, Paix et Harmonie pour soi et autour de nous, rien d\u2019autres. &nbsp; Le coll\u00e8ge Druidique r\u00e9nov\u00e9 se veut \u00eatre le plus proche possible de l\u2019antique ordre des Druides que les historiens de l\u2019antiquit\u00e9 ont connu et [&hellip;]<\/p>\n","protected":false},"author":1,"featured_media":0,"parent":0,"menu_order":0,"comment_status":"closed","ping_status":"closed","template":"","meta":{"footnotes":""},"class_list":["post-40","page","type-page","status-publish","czr-hentry"],"_hostinger_reach_plugin_has_subscription_block":false,"_hostinger_reach_plugin_is_elementor":false,"_links":{"self":[{"href":"https:\/\/tribann.site\/index.php\/wp-json\/wp\/v2\/pages\/40","targetHints":{"allow":["GET"]}}],"collection":[{"href":"https:\/\/tribann.site\/index.php\/wp-json\/wp\/v2\/pages"}],"about":[{"href":"https:\/\/tribann.site\/index.php\/wp-json\/wp\/v2\/types\/page"}],"author":[{"embeddable":true,"href":"https:\/\/tribann.site\/index.php\/wp-json\/wp\/v2\/users\/1"}],"replies":[{"embeddable":true,"href":"https:\/\/tribann.site\/index.php\/wp-json\/wp\/v2\/comments?post=40"}],"version-history":[{"count":24,"href":"https:\/\/tribann.site\/index.php\/wp-json\/wp\/v2\/pages\/40\/revisions"}],"predecessor-version":[{"id":1168,"href":"https:\/\/tribann.site\/index.php\/wp-json\/wp\/v2\/pages\/40\/revisions\/1168"}],"wp:attachment":[{"href":"https:\/\/tribann.site\/index.php\/wp-json\/wp\/v2\/media?parent=40"}],"curies":[{"name":"wp","href":"https:\/\/api.w.org\/{rel}","templated":true}]}}