{"id":53,"date":"2022-12-05T17:50:00","date_gmt":"2022-12-05T16:50:00","guid":{"rendered":"http:\/\/tribann.site\/tribann\/?page_id=53"},"modified":"2024-01-17T14:03:16","modified_gmt":"2024-01-17T13:03:16","slug":"colleges-et-claireres","status":"publish","type":"page","link":"https:\/\/tribann.site\/index.php\/colleges-et-claireres\/","title":{"rendered":"Le Coll\u00e8ge"},"content":{"rendered":"\n<h1 class=\"wp-block-heading\"><\/h1>\n\n\n<div class=\"wp-block-image\">\n<figure class=\"aligncenter size-full is-resized\"><img decoding=\"async\" width=\"600\" height=\"582\" src=\"https:\/\/tribann.site\/wp-content\/uploads\/2023\/12\/oursin.png\" alt=\"\" class=\"wp-image-882\" style=\"width:267px;height:auto\" srcset=\"https:\/\/tribann.site\/wp-content\/uploads\/2023\/12\/oursin.png 600w, https:\/\/tribann.site\/wp-content\/uploads\/2023\/12\/oursin-300x291.png 300w\" sizes=\"(max-width: 600px) 100vw, 600px\" \/><figcaption class=\"wp-element-caption\">Oursin fossile (oeuf de serpent ) &#8211; grand symbole Druidique<\/figcaption><\/figure><\/div>\n\n\n<p class=\"has-vivid-green-cyan-color has-text-color has-medium-font-size\"><strong>La voie traditionnelle Druidique<\/strong><\/p>\n\n\n\n<p>Il ne s\u2019agit pas d\u2019une hi\u00e9rachie au sens strict du terme, chaque membre selon son niveau et ses choix a une place au sein de l\u2019assembl\u00e9e.<\/p>\n\n\n\n<p>Notre assembl\u00e9e est compos\u00e9e de trois cercles :<\/p>\n\n\n\n<p class=\"has-medium-font-size\">Troisi\u00e8me cercle<\/p>\n\n\n\n<p><strong><mark><mark style=\"background-color:rgba(0, 0, 0, 0)\" class=\"has-inline-color has-vivid-purple-color\">Les postulants :<\/mark><\/mark><\/strong>&nbsp;Il participe en observateur aux c\u00e9l\u00e9brations. Il n\u2019a pas encore re\u00e7u l\u2019initiation pour entrer dans le cercle sacr\u00e9 (il peut y p\u00e9n\u00e9trer si les druides lui proposent en cours de c\u00e9r\u00e9monie).<\/p>\n\n\n\n<p><strong><mark><mark style=\"background-color:rgba(0, 0, 0, 0)\" class=\"has-inline-color has-vivid-purple-color\">Les mabinogs<\/mark><\/mark>&nbsp;<\/strong>(marcassins) : premier degr\u00e9 du cercle sacr\u00e9. Il est admis \u00e0 l\u2019int\u00e9rieur du cercle pour les rituels.et commence \u00e0 recevoir l\u2019enseignement.<\/p>\n\n\n\n<p><mark><strong><mark style=\"background-color:rgba(0, 0, 0, 0)\" class=\"has-inline-color has-vivid-purple-color\">Les disciples<\/mark> :<\/strong>&nbsp;<\/mark>deuxi\u00e8me grade du cercle sacr\u00e9, apr\u00e8s initiation il continue de recevoir l\u2019enseignement et participe de fa\u00e7on active au rituels<\/p>\n\n\n\n<p class=\"has-medium-font-size\">Deuxi\u00e8me cercle<\/p>\n\n\n\n<p id=\"u57370-21\">Le non-sedon<\/p>\n\n\n\n<p><strong>Les Vates :<\/strong>&nbsp;voie lunaire plut\u00f4t pour les esprits mystiques et intuitifs et ne prenant pas une voie sacerdotale.<\/p>\n\n\n\n<p><strong>Les Bardes :&nbsp;<\/strong>voie solaire plut\u00f4t pour les esprits mystiques vers\u00e9 vers les arts et ne prenant pas une voie sacerdotale.<\/p>\n\n\n\n<p class=\"has-medium-font-size\">Premier cercle<\/p>\n\n\n\n<p><strong>Le sedon<\/strong>&nbsp;(compos\u00e9 des Druides et de Grands Druides )<\/p>\n\n\n\n<p><strong>Ban-Druis&nbsp;<\/strong>(f\u00e9minin) \/&nbsp;<strong>Druides&nbsp;<\/strong>(masculin) : c\u2019est la voie des enseignants, et des chercheurs.<\/p>\n\n\n\n<p><strong>Ver Ban-Druis&nbsp;<\/strong>\/&nbsp;<strong>Ver&nbsp; Druides<\/strong>&nbsp; : ce sont les seuls habilit\u00e9s \u00e0 transmettre la fonction de Druide.<\/p>\n\n\n\n<p class=\"has-light-green-cyan-background-color has-background\">Vates, Bardes et Druides sont chez nous une fonction, non pas un grade. Pour certains groupes d\u2019autres coll\u00e8ges le disciple deviens barde ensuite ovate et finalement Druide ce qui n\u2019est pas notre cas car pour nous chaque fonction est sp\u00e9cialis\u00e9 (Ovate \u2013 divination, soins; Barde \u2013 po\u00e9sie orale et chant\u00e9e, musique; Druide \u2013 Enseignement, recherche, gardien du savoir et de la sagesse).<\/p>\n","protected":false},"excerpt":{"rendered":"<p>La voie traditionnelle Druidique Il ne s\u2019agit pas d\u2019une hi\u00e9rachie au sens strict du terme, chaque membre selon son niveau et ses choix a une place au sein de l\u2019assembl\u00e9e. Notre assembl\u00e9e est compos\u00e9e de trois cercles : Troisi\u00e8me cercle Les postulants :&nbsp;Il participe en observateur aux c\u00e9l\u00e9brations. Il n\u2019a pas encore re\u00e7u l\u2019initiation pour [&hellip;]<\/p>\n","protected":false},"author":1,"featured_media":0,"parent":0,"menu_order":0,"comment_status":"closed","ping_status":"closed","template":"","meta":{"footnotes":""},"class_list":["post-53","page","type-page","status-publish","czr-hentry"],"_hostinger_reach_plugin_has_subscription_block":false,"_hostinger_reach_plugin_is_elementor":false,"_links":{"self":[{"href":"https:\/\/tribann.site\/index.php\/wp-json\/wp\/v2\/pages\/53","targetHints":{"allow":["GET"]}}],"collection":[{"href":"https:\/\/tribann.site\/index.php\/wp-json\/wp\/v2\/pages"}],"about":[{"href":"https:\/\/tribann.site\/index.php\/wp-json\/wp\/v2\/types\/page"}],"author":[{"embeddable":true,"href":"https:\/\/tribann.site\/index.php\/wp-json\/wp\/v2\/users\/1"}],"replies":[{"embeddable":true,"href":"https:\/\/tribann.site\/index.php\/wp-json\/wp\/v2\/comments?post=53"}],"version-history":[{"count":12,"href":"https:\/\/tribann.site\/index.php\/wp-json\/wp\/v2\/pages\/53\/revisions"}],"predecessor-version":[{"id":1127,"href":"https:\/\/tribann.site\/index.php\/wp-json\/wp\/v2\/pages\/53\/revisions\/1127"}],"wp:attachment":[{"href":"https:\/\/tribann.site\/index.php\/wp-json\/wp\/v2\/media?parent=53"}],"curies":[{"name":"wp","href":"https:\/\/api.w.org\/{rel}","templated":true}]}}