{"id":74,"date":"2022-12-05T17:57:52","date_gmt":"2022-12-05T16:57:52","guid":{"rendered":"http:\/\/tribann.site\/tribann\/?page_id=74"},"modified":"2024-11-27T20:45:19","modified_gmt":"2024-11-27T19:45:19","slug":"contact","status":"publish","type":"page","link":"https:\/\/tribann.site\/index.php\/contact\/","title":{"rendered":"Pour nous contacter"},"content":{"rendered":"\n<p><\/p>\n\n\n\n<p class=\"has-text-align-center has-black-color has-text-color has-background has-link-color has-medium-font-size wp-elements-6699f643b692e7dc2300dc42c1b2fb5f\" style=\"background-color:#7efc00\"><strong><em>Notre lieu de r\u00e9union est dans la Ni\u00e8vre (58)<\/em><\/strong><\/p>\n\n\n\n<p class=\"has-light-green-cyan-background-color has-background has-medium-font-size\"><strong>Si vous voulez nous contacter pour des informations concernant notre coll\u00e8ge :<\/strong><\/p>\n\n\n\n<p>Si vous avez des questions n&rsquo;h\u00e9sitez pas \u00e0 nous joindre<\/p>\n\n\n\n<p class=\"has-text-align-center\"><\/p>\n\n\n<div class=\"wp-block-image\">\n<figure class=\"aligncenter size-full is-resized\"><a href=\"mailto:collegedruidiquerenove@gmail.com; habann@tribann.site; lughellann@tribann.site(ouvre un nouvel onglet)\"><img decoding=\"async\" width=\"1024\" height=\"1024\" src=\"http:\/\/tribann.site\/wp-content\/uploads\/2023\/09\/Sans-titre.jpeg\" alt=\"Pour contacter le Coll\u00e8ge Druidique R\u00e9nov\u00e9 - Collegedruidiquerenove@gmail.com ou habann@tribann.site\" class=\"wp-image-459\" style=\"width:333px;height:333px\" srcset=\"https:\/\/tribann.site\/wp-content\/uploads\/2023\/09\/Sans-titre.jpeg 1024w, https:\/\/tribann.site\/wp-content\/uploads\/2023\/09\/Sans-titre-150x150.jpeg 150w, https:\/\/tribann.site\/wp-content\/uploads\/2023\/09\/Sans-titre-300x300.jpeg 300w, https:\/\/tribann.site\/wp-content\/uploads\/2023\/09\/Sans-titre-768x768.jpeg 768w, https:\/\/tribann.site\/wp-content\/uploads\/2023\/09\/Sans-titre-510x510.jpeg 510w\" sizes=\"(max-width: 1024px) 100vw, 1024px\" \/><\/a><figcaption class=\"wp-element-caption\"><em>Cliquez sur l&rsquo;illustration pour nous \u00e9crire<\/em><\/figcaption><\/figure><\/div>\n\n\n<p><\/p>\n\n\n<div class=\"wp-block-image\">\n<figure class=\"aligncenter size-large is-resized\"><a href=\"mailto:habann@tribann.site\"><img decoding=\"async\" width=\"1024\" height=\"166\" src=\"https:\/\/tribann.site\/wp-content\/uploads\/2023\/09\/Firefly-habann@tribann.site-Celtique-feu-7429-1024x166.png\" alt=\"\" class=\"wp-image-462\" style=\"width:446px;height:72px\" srcset=\"https:\/\/tribann.site\/wp-content\/uploads\/2023\/09\/Firefly-habann@tribann.site-Celtique-feu-7429-1024x166.png 1024w, https:\/\/tribann.site\/wp-content\/uploads\/2023\/09\/Firefly-habann@tribann.site-Celtique-feu-7429-300x49.png 300w, https:\/\/tribann.site\/wp-content\/uploads\/2023\/09\/Firefly-habann@tribann.site-Celtique-feu-7429-768x125.png 768w, https:\/\/tribann.site\/wp-content\/uploads\/2023\/09\/Firefly-habann@tribann.site-Celtique-feu-7429-1536x250.png 1536w, https:\/\/tribann.site\/wp-content\/uploads\/2023\/09\/Firefly-habann@tribann.site-Celtique-feu-7429-2048x333.png 2048w\" sizes=\"(max-width: 1024px) 100vw, 1024px\" \/><\/a><\/figure><\/div>\n\n<div class=\"wp-block-image\">\n<figure class=\"aligncenter size-large is-resized\"><a href=\"mailto:lughellan@tribann.site\"><img decoding=\"async\" width=\"1024\" height=\"152\" src=\"https:\/\/tribann.site\/wp-content\/uploads\/2023\/09\/Firefly-lughellan@tribann.site-Celtique-musique-corbeau-7429-1024x152.png\" alt=\"\" class=\"wp-image-460\" style=\"width:496px;height:74px\" srcset=\"https:\/\/tribann.site\/wp-content\/uploads\/2023\/09\/Firefly-lughellan@tribann.site-Celtique-musique-corbeau-7429-1024x152.png 1024w, https:\/\/tribann.site\/wp-content\/uploads\/2023\/09\/Firefly-lughellan@tribann.site-Celtique-musique-corbeau-7429-300x44.png 300w, https:\/\/tribann.site\/wp-content\/uploads\/2023\/09\/Firefly-lughellan@tribann.site-Celtique-musique-corbeau-7429-768x114.png 768w, https:\/\/tribann.site\/wp-content\/uploads\/2023\/09\/Firefly-lughellan@tribann.site-Celtique-musique-corbeau-7429-1536x227.png 1536w, https:\/\/tribann.site\/wp-content\/uploads\/2023\/09\/Firefly-lughellan@tribann.site-Celtique-musique-corbeau-7429-2048x303.png 2048w\" sizes=\"(max-width: 1024px) 100vw, 1024px\" \/><\/a><\/figure><\/div>","protected":false},"excerpt":{"rendered":"<p>Notre lieu de r\u00e9union est dans la Ni\u00e8vre (58) Si vous voulez nous contacter pour des informations concernant notre coll\u00e8ge : Si vous avez des questions n&rsquo;h\u00e9sitez pas \u00e0 nous joindre<\/p>\n","protected":false},"author":1,"featured_media":0,"parent":0,"menu_order":0,"comment_status":"closed","ping_status":"closed","template":"","meta":{"footnotes":""},"class_list":["post-74","page","type-page","status-publish","czr-hentry"],"_hostinger_reach_plugin_has_subscription_block":false,"_hostinger_reach_plugin_is_elementor":false,"_links":{"self":[{"href":"https:\/\/tribann.site\/index.php\/wp-json\/wp\/v2\/pages\/74","targetHints":{"allow":["GET"]}}],"collection":[{"href":"https:\/\/tribann.site\/index.php\/wp-json\/wp\/v2\/pages"}],"about":[{"href":"https:\/\/tribann.site\/index.php\/wp-json\/wp\/v2\/types\/page"}],"author":[{"embeddable":true,"href":"https:\/\/tribann.site\/index.php\/wp-json\/wp\/v2\/users\/1"}],"replies":[{"embeddable":true,"href":"https:\/\/tribann.site\/index.php\/wp-json\/wp\/v2\/comments?post=74"}],"version-history":[{"count":24,"href":"https:\/\/tribann.site\/index.php\/wp-json\/wp\/v2\/pages\/74\/revisions"}],"predecessor-version":[{"id":1187,"href":"https:\/\/tribann.site\/index.php\/wp-json\/wp\/v2\/pages\/74\/revisions\/1187"}],"wp:attachment":[{"href":"https:\/\/tribann.site\/index.php\/wp-json\/wp\/v2\/media?parent=74"}],"curies":[{"name":"wp","href":"https:\/\/api.w.org\/{rel}","templated":true}]}}